{"id":33033,"date":"2024-05-11T15:38:19","date_gmt":"2024-05-11T13:38:19","guid":{"rendered":"https:\/\/oogst-sieraden.nl\/?post_type=product&#038;p=33033"},"modified":"2026-02-05T12:11:32","modified_gmt":"2026-02-05T11:11:32","slug":"wedding-rings-simplicity-rhythm-pave-set-diamonds","status":"publish","type":"product","link":"https:\/\/oogst-sieraden.nl\/en\/product\/wedding-rings-simplicity-rhythm-pave-set-diamonds\/","title":{"rendered":"hammered wedding rings &#038; simplicity  * ros\u00e9 gold &#038; diamond sold * rose gold &#038; diamond * ros\u00e9 gold"},"content":{"rendered":"<p>Hammered wedding rings &#8216;Rhythm&#8217; &#038; &#8216;Simplicity&#8217; <\/p>\n<p>14 ct ros\u00e9 gold wedding ring with stripey hammering<br \/>\n0,25 ct brilliant cut diamond in natural olive colour set in a tulip claw setting<br \/>\n2,5 mm wide, oval shaped ring<br \/>\nthis one is sold<\/p>\n<p>14 ct rose gold eternity stack wedding ring<br \/>\n61x 0,005 ct brilliant cut diamonds in light\/pinkish brown colour<br \/>\npav\u00e9 set all around<br \/>\n3 mm width, flat shape<\/p>\n<p>14 ct ros\u00e9 gold ring with stripey hammering<br \/>\n3 mm width, oval shape<\/p>\n<p>recycled gold<br \/>\nconflict free diamonds<br \/>\ncreated in the Oogst goldsmith studio<\/p>\n<p>Looking for something like these rings, but would you prefer another colour gold? The Oogst rings are also created in 14 ct yellow, rose and palladium white gold. Would you like another colour diamonds? This is also something you can choose, so it will become your personal variation on an Oogst design. Book an appointment to come try on the handmade collection and choose you favorite model.<\/p>\n","protected":false},"excerpt":{"rendered":"<p>Hammered wedding rings from our &#8216;Rhythm&#8217; series combined with a &#8216;Simplicity&#8217; ring. Sparkling and timeless because of the streamlined design and comfortable to wear too. The warm tone of the gold and the olive colour diamond pops because of the soft brushed finish. The hammering is playful and gives this set a vintage look.<\/p>\n<p>The pav\u00e9 set diamonds (61pcs!) in soft pinkbrown tones in this ros\u00e9 gold ring make it an elegant and sparkling stack. Wear this next to your beautiful engagement ring to make both rings twinkle even more. <\/p>\n<p>Let&#8217;s have a look at what looks best with your hand, in colour, style and proportion, together. This way it will become a ring that will excite you every day. Plan an appointment and come try on rings in our studio.<\/p>\n","protected":false},"featured_media":32887,"template":"","meta":{"inline_featured_image":false,"_genesis_hide_title":false,"_genesis_hide_breadcrumbs":false,"_genesis_hide_singular_image":false,"_genesis_hide_footer_widgets":false,"_genesis_custom_body_class":"","_genesis_custom_post_class":"","_genesis_layout":""},"product_brand":[],"product_cat":[7534],"product_tag":[6213,6699,6753,6822,6437,6004,5985,6344,6749,7535],"class_list":{"0":"post-33033","1":"product","2":"type-product","3":"status-publish","4":"has-post-thumbnail","6":"product_cat-wedding-ring-collection","7":"product_tag-diamond-en-2","8":"product_tag-hammer-blow","9":"product_tag-olive-en","10":"product_tag-pave-en","11":"product_tag-rhythm-en","12":"product_tag-rosegoud-en","13":"product_tag-rose-gold-en-2","14":"product_tag-simplicity-en","15":"product_tag-sleek-en-2","16":"product_tag-wedding-rings-en-2","17":"entry","19":"first","20":"instock","21":"taxable","22":"shipping-taxable","23":"product-type-simple"},"yoast_head":"<!-- This site is optimized with the Yoast SEO Premium plugin v27.4 (Yoast SEO v27.4) - https:\/\/yoast.com\/product\/yoast-seo-premium-wordpress\/ -->\n<title>Hammered wedding rings with a sparkly diamond.<\/title>\n<meta name=\"description\" content=\"Hammered Wedding rings &#039;Rhythm&#039;. Ros\u00e9 gold bands with hammering. Stacked with an eternity ring with diamonds all around. Oogst goldsmith studio Amsterdam.\" \/>\n<meta name=\"robots\" content=\"index, follow, max-snippet:-1, max-image-preview:large, max-video-preview:-1\" \/>\n<link rel=\"canonical\" href=\"https:\/\/oogst-sieraden.nl\/en\/product\/wedding-rings-simplicity-rhythm-pave-set-diamonds\/\" \/>\n<meta property=\"og:locale\" content=\"en_US\" \/>\n<meta property=\"og:type\" content=\"article\" \/>\n<meta property=\"og:title\" content=\"hammered wedding rings &amp; simplicity * ros\u00e9 gold &amp; diamond sold * rose gold &amp; diamond * ros\u00e9 gold\" \/>\n<meta property=\"og:description\" content=\"Hammered Wedding rings &#039;Rhythm&#039;. Ros\u00e9 gold bands with hammering. Stacked with an eternity ring with diamonds all around. Oogst goldsmith studio Amsterdam.\" \/>\n<meta property=\"og:url\" content=\"https:\/\/oogst-sieraden.nl\/en\/product\/wedding-rings-simplicity-rhythm-pave-set-diamonds\/\" \/>\n<meta property=\"og:site_name\" content=\"Oogst Goudsmeden Amsterdam\" \/>\n<meta property=\"article:publisher\" content=\"https:\/\/www.facebook.com\/Oogst\/\" \/>\n<meta property=\"article:modified_time\" content=\"2026-02-05T11:11:32+00:00\" \/>\n<meta name=\"twitter:card\" content=\"summary_large_image\" \/>\n<meta name=\"twitter:label1\" content=\"Est. reading time\" \/>\n\t<meta name=\"twitter:data1\" content=\"1 minute\" \/>\n<script type=\"application\/ld+json\" class=\"yoast-schema-graph\">{\"@context\":\"https:\\\/\\\/schema.org\",\"@graph\":[{\"@type\":\"WebPage\",\"@id\":\"https:\\\/\\\/oogst-sieraden.nl\\\/en\\\/product\\\/wedding-rings-simplicity-rhythm-pave-set-diamonds\\\/\",\"url\":\"https:\\\/\\\/oogst-sieraden.nl\\\/en\\\/product\\\/wedding-rings-simplicity-rhythm-pave-set-diamonds\\\/\",\"name\":\"Hammered wedding rings with a sparkly diamond.\",\"isPartOf\":{\"@id\":\"https:\\\/\\\/oogst-sieraden.nl\\\/en\\\/#website\"},\"primaryImageOfPage\":{\"@id\":\"https:\\\/\\\/oogst-sieraden.nl\\\/en\\\/product\\\/wedding-rings-simplicity-rhythm-pave-set-diamonds\\\/#primaryimage\"},\"image\":{\"@id\":\"https:\\\/\\\/oogst-sieraden.nl\\\/en\\\/product\\\/wedding-rings-simplicity-rhythm-pave-set-diamonds\\\/#primaryimage\"},\"thumbnailUrl\":\"https:\\\/\\\/oogst-sieraden.nl\\\/wp-content\\\/uploads\\\/2024\\\/04\\\/Ritme-trouwringen-in-rosegoud-met-streepjes-hamerslag-en-een-Eenvoud-ring-met-diamanten-rondom.jpeg\",\"datePublished\":\"2024-05-11T13:38:19+00:00\",\"dateModified\":\"2026-02-05T11:11:32+00:00\",\"description\":\"Hammered Wedding rings 'Rhythm'. Ros\u00e9 gold bands with hammering. Stacked with an eternity ring with diamonds all around. Oogst goldsmith studio Amsterdam.\",\"breadcrumb\":{\"@id\":\"https:\\\/\\\/oogst-sieraden.nl\\\/en\\\/product\\\/wedding-rings-simplicity-rhythm-pave-set-diamonds\\\/#breadcrumb\"},\"inLanguage\":\"en-US\",\"potentialAction\":[{\"@type\":\"ReadAction\",\"target\":[\"https:\\\/\\\/oogst-sieraden.nl\\\/en\\\/product\\\/wedding-rings-simplicity-rhythm-pave-set-diamonds\\\/\"]}]},{\"@type\":\"ImageObject\",\"inLanguage\":\"en-US\",\"@id\":\"https:\\\/\\\/oogst-sieraden.nl\\\/en\\\/product\\\/wedding-rings-simplicity-rhythm-pave-set-diamonds\\\/#primaryimage\",\"url\":\"https:\\\/\\\/oogst-sieraden.nl\\\/wp-content\\\/uploads\\\/2024\\\/04\\\/Ritme-trouwringen-in-rosegoud-met-streepjes-hamerslag-en-een-Eenvoud-ring-met-diamanten-rondom.jpeg\",\"contentUrl\":\"https:\\\/\\\/oogst-sieraden.nl\\\/wp-content\\\/uploads\\\/2024\\\/04\\\/Ritme-trouwringen-in-rosegoud-met-streepjes-hamerslag-en-een-Eenvoud-ring-met-diamanten-rondom.jpeg\",\"width\":800,\"height\":601,\"caption\":\"Ritme trouwringen in ros\u00e9goud met streepjes hamerslag en een Eenvoud ring met diamanten rondom. Bijzondere trouwringen uit het Oogst atelier.\"},{\"@type\":\"BreadcrumbList\",\"@id\":\"https:\\\/\\\/oogst-sieraden.nl\\\/en\\\/product\\\/wedding-rings-simplicity-rhythm-pave-set-diamonds\\\/#breadcrumb\",\"itemListElement\":[{\"@type\":\"ListItem\",\"position\":1,\"name\":\"Home\",\"item\":\"https:\\\/\\\/oogst-sieraden.nl\\\/en\\\/\"},{\"@type\":\"ListItem\",\"position\":2,\"name\":\"webshop\",\"item\":\"https:\\\/\\\/oogst-sieraden.nl\\\/en\\\/webshop\\\/\"},{\"@type\":\"ListItem\",\"position\":3,\"name\":\"hammered wedding rings &#038; simplicity * ros\u00e9 gold &#038; diamond sold * rose gold &#038; diamond * ros\u00e9 gold\"}]},{\"@type\":\"WebSite\",\"@id\":\"https:\\\/\\\/oogst-sieraden.nl\\\/en\\\/#website\",\"url\":\"https:\\\/\\\/oogst-sieraden.nl\\\/en\\\/\",\"name\":\"Oogst Goudsmeden Amsterdam\",\"description\":\"Collectie handgemaakte sieraden uit eigen atelier.\",\"publisher\":{\"@id\":\"https:\\\/\\\/oogst-sieraden.nl\\\/en\\\/#organization\"},\"potentialAction\":[{\"@type\":\"SearchAction\",\"target\":{\"@type\":\"EntryPoint\",\"urlTemplate\":\"https:\\\/\\\/oogst-sieraden.nl\\\/en\\\/?s={search_term_string}\"},\"query-input\":{\"@type\":\"PropertyValueSpecification\",\"valueRequired\":true,\"valueName\":\"search_term_string\"}}],\"inLanguage\":\"en-US\"},{\"@type\":\"Organization\",\"@id\":\"https:\\\/\\\/oogst-sieraden.nl\\\/en\\\/#organization\",\"name\":\"Oogst Goudsmeden Amsterdam\",\"url\":\"https:\\\/\\\/oogst-sieraden.nl\\\/en\\\/\",\"logo\":{\"@type\":\"ImageObject\",\"inLanguage\":\"en-US\",\"@id\":\"https:\\\/\\\/oogst-sieraden.nl\\\/en\\\/#\\\/schema\\\/logo\\\/image\\\/\",\"url\":\"https:\\\/\\\/oogst-sieraden.nl\\\/wp-content\\\/uploads\\\/2021\\\/03\\\/Social-Sticker.png\",\"contentUrl\":\"https:\\\/\\\/oogst-sieraden.nl\\\/wp-content\\\/uploads\\\/2021\\\/03\\\/Social-Sticker.png\",\"width\":591,\"height\":591,\"caption\":\"Oogst Goudsmeden Amsterdam\"},\"image\":{\"@id\":\"https:\\\/\\\/oogst-sieraden.nl\\\/en\\\/#\\\/schema\\\/logo\\\/image\\\/\"},\"sameAs\":[\"https:\\\/\\\/www.facebook.com\\\/Oogst\\\/\",\"https:\\\/\\\/www.instagram.com\\\/oogstgoudsmeden\\\/\",\"https:\\\/\\\/www.linkedin.com\\\/company\\\/oogst-sieraden\",\"https:\\\/\\\/nl.pinterest.com\\\/Oogst\\\/\",\"https:\\\/\\\/www.youtube.com\\\/channel\\\/UCaWsKn9Jn3UKCtL2o1CE4rg\"]}]}<\/script>\n<!-- \/ Yoast SEO Premium plugin. -->","yoast_head_json":{"title":"Hammered wedding rings with a sparkly diamond.","description":"Hammered Wedding rings 'Rhythm'. Ros\u00e9 gold bands with hammering. Stacked with an eternity ring with diamonds all around. Oogst goldsmith studio Amsterdam.","robots":{"index":"index","follow":"follow","max-snippet":"max-snippet:-1","max-image-preview":"max-image-preview:large","max-video-preview":"max-video-preview:-1"},"canonical":"https:\/\/oogst-sieraden.nl\/en\/product\/wedding-rings-simplicity-rhythm-pave-set-diamonds\/","og_locale":"en_US","og_type":"article","og_title":"hammered wedding rings & simplicity * ros\u00e9 gold & diamond sold * rose gold & diamond * ros\u00e9 gold","og_description":"Hammered Wedding rings 'Rhythm'. Ros\u00e9 gold bands with hammering. Stacked with an eternity ring with diamonds all around. Oogst goldsmith studio Amsterdam.","og_url":"https:\/\/oogst-sieraden.nl\/en\/product\/wedding-rings-simplicity-rhythm-pave-set-diamonds\/","og_site_name":"Oogst Goudsmeden Amsterdam","article_publisher":"https:\/\/www.facebook.com\/Oogst\/","article_modified_time":"2026-02-05T11:11:32+00:00","twitter_card":"summary_large_image","twitter_misc":{"Est. reading time":"1 minute"},"schema":{"@context":"https:\/\/schema.org","@graph":[{"@type":"WebPage","@id":"https:\/\/oogst-sieraden.nl\/en\/product\/wedding-rings-simplicity-rhythm-pave-set-diamonds\/","url":"https:\/\/oogst-sieraden.nl\/en\/product\/wedding-rings-simplicity-rhythm-pave-set-diamonds\/","name":"Hammered wedding rings with a sparkly diamond.","isPartOf":{"@id":"https:\/\/oogst-sieraden.nl\/en\/#website"},"primaryImageOfPage":{"@id":"https:\/\/oogst-sieraden.nl\/en\/product\/wedding-rings-simplicity-rhythm-pave-set-diamonds\/#primaryimage"},"image":{"@id":"https:\/\/oogst-sieraden.nl\/en\/product\/wedding-rings-simplicity-rhythm-pave-set-diamonds\/#primaryimage"},"thumbnailUrl":"https:\/\/oogst-sieraden.nl\/wp-content\/uploads\/2024\/04\/Ritme-trouwringen-in-rosegoud-met-streepjes-hamerslag-en-een-Eenvoud-ring-met-diamanten-rondom.jpeg","datePublished":"2024-05-11T13:38:19+00:00","dateModified":"2026-02-05T11:11:32+00:00","description":"Hammered Wedding rings 'Rhythm'. Ros\u00e9 gold bands with hammering. Stacked with an eternity ring with diamonds all around. Oogst goldsmith studio Amsterdam.","breadcrumb":{"@id":"https:\/\/oogst-sieraden.nl\/en\/product\/wedding-rings-simplicity-rhythm-pave-set-diamonds\/#breadcrumb"},"inLanguage":"en-US","potentialAction":[{"@type":"ReadAction","target":["https:\/\/oogst-sieraden.nl\/en\/product\/wedding-rings-simplicity-rhythm-pave-set-diamonds\/"]}]},{"@type":"ImageObject","inLanguage":"en-US","@id":"https:\/\/oogst-sieraden.nl\/en\/product\/wedding-rings-simplicity-rhythm-pave-set-diamonds\/#primaryimage","url":"https:\/\/oogst-sieraden.nl\/wp-content\/uploads\/2024\/04\/Ritme-trouwringen-in-rosegoud-met-streepjes-hamerslag-en-een-Eenvoud-ring-met-diamanten-rondom.jpeg","contentUrl":"https:\/\/oogst-sieraden.nl\/wp-content\/uploads\/2024\/04\/Ritme-trouwringen-in-rosegoud-met-streepjes-hamerslag-en-een-Eenvoud-ring-met-diamanten-rondom.jpeg","width":800,"height":601,"caption":"Ritme trouwringen in ros\u00e9goud met streepjes hamerslag en een Eenvoud ring met diamanten rondom. Bijzondere trouwringen uit het Oogst atelier."},{"@type":"BreadcrumbList","@id":"https:\/\/oogst-sieraden.nl\/en\/product\/wedding-rings-simplicity-rhythm-pave-set-diamonds\/#breadcrumb","itemListElement":[{"@type":"ListItem","position":1,"name":"Home","item":"https:\/\/oogst-sieraden.nl\/en\/"},{"@type":"ListItem","position":2,"name":"webshop","item":"https:\/\/oogst-sieraden.nl\/en\/webshop\/"},{"@type":"ListItem","position":3,"name":"hammered wedding rings &#038; simplicity * ros\u00e9 gold &#038; diamond sold * rose gold &#038; diamond * ros\u00e9 gold"}]},{"@type":"WebSite","@id":"https:\/\/oogst-sieraden.nl\/en\/#website","url":"https:\/\/oogst-sieraden.nl\/en\/","name":"Oogst Goudsmeden Amsterdam","description":"Collectie handgemaakte sieraden uit eigen atelier.","publisher":{"@id":"https:\/\/oogst-sieraden.nl\/en\/#organization"},"potentialAction":[{"@type":"SearchAction","target":{"@type":"EntryPoint","urlTemplate":"https:\/\/oogst-sieraden.nl\/en\/?s={search_term_string}"},"query-input":{"@type":"PropertyValueSpecification","valueRequired":true,"valueName":"search_term_string"}}],"inLanguage":"en-US"},{"@type":"Organization","@id":"https:\/\/oogst-sieraden.nl\/en\/#organization","name":"Oogst Goudsmeden Amsterdam","url":"https:\/\/oogst-sieraden.nl\/en\/","logo":{"@type":"ImageObject","inLanguage":"en-US","@id":"https:\/\/oogst-sieraden.nl\/en\/#\/schema\/logo\/image\/","url":"https:\/\/oogst-sieraden.nl\/wp-content\/uploads\/2021\/03\/Social-Sticker.png","contentUrl":"https:\/\/oogst-sieraden.nl\/wp-content\/uploads\/2021\/03\/Social-Sticker.png","width":591,"height":591,"caption":"Oogst Goudsmeden Amsterdam"},"image":{"@id":"https:\/\/oogst-sieraden.nl\/en\/#\/schema\/logo\/image\/"},"sameAs":["https:\/\/www.facebook.com\/Oogst\/","https:\/\/www.instagram.com\/oogstgoudsmeden\/","https:\/\/www.linkedin.com\/company\/oogst-sieraden","https:\/\/nl.pinterest.com\/Oogst\/","https:\/\/www.youtube.com\/channel\/UCaWsKn9Jn3UKCtL2o1CE4rg"]}]}},"_links":{"self":[{"href":"https:\/\/oogst-sieraden.nl\/en\/wp-json\/wp\/v2\/product\/33033","targetHints":{"allow":["GET"]}}],"collection":[{"href":"https:\/\/oogst-sieraden.nl\/en\/wp-json\/wp\/v2\/product"}],"about":[{"href":"https:\/\/oogst-sieraden.nl\/en\/wp-json\/wp\/v2\/types\/product"}],"wp:featuredmedia":[{"embeddable":true,"href":"https:\/\/oogst-sieraden.nl\/en\/wp-json\/wp\/v2\/media\/32887"}],"wp:attachment":[{"href":"https:\/\/oogst-sieraden.nl\/en\/wp-json\/wp\/v2\/media?parent=33033"}],"wp:term":[{"taxonomy":"product_brand","embeddable":true,"href":"https:\/\/oogst-sieraden.nl\/en\/wp-json\/wp\/v2\/product_brand?post=33033"},{"taxonomy":"product_cat","embeddable":true,"href":"https:\/\/oogst-sieraden.nl\/en\/wp-json\/wp\/v2\/product_cat?post=33033"},{"taxonomy":"product_tag","embeddable":true,"href":"https:\/\/oogst-sieraden.nl\/en\/wp-json\/wp\/v2\/product_tag?post=33033"}],"curies":[{"name":"wp","href":"https:\/\/api.w.org\/{rel}","templated":true}]}}