{"id":29445,"date":"2022-06-22T14:00:36","date_gmt":"2022-06-22T12:00:36","guid":{"rendered":"https:\/\/oogst-sieraden.nl\/?post_type=product&#038;p=29445"},"modified":"2026-02-05T12:32:25","modified_gmt":"2026-02-05T11:32:25","slug":"wedding-rings-rhythm-rose-gold-diamond","status":"publish","type":"product","link":"https:\/\/oogst-sieraden.nl\/en\/product\/wedding-rings-rhythm-rose-gold-diamond\/","title":{"rendered":"wedding rings rhythm * ros\u00e9 gold &#038; diamond &#038; ros\u00e9 gold"},"content":{"rendered":"<p>Wedding rings &#8216;Rhythm&#8217; ros\u00e9 gold with criss cross stripey hammered texture.<\/p>\n<p>14 ct ros\u00e9 gold wedding ring<br \/>\n0,27 ct brilliant cut diamond in sunny cape color in a rose gold tulip claw setting<br \/>\n0,03 ct brilliant cut diamond in sunny cape color  in a straight setting<br \/>\n3 mm wide, bridge model<\/p>\n<p>14 ct ros\u00e9 gold ring<br \/>\n4 mm wide, bridge model<\/p>\n<p>recycled gold<br \/>\nconflict free diamonds<br \/>\ncreated in the Oogst studio<\/p>\n<p>The Oogst rings are created in 14 crt yellow, ros\u00e9, rose and palladium white gold. You can pick your favourite hammered finish too.<\/p>\n","protected":false},"excerpt":{"rendered":"<p>Ros\u00e9 gold wedding rings &#8216;Rhythm&#8217; with criss cross stripey hammered texture.<\/p>\n<p>The stripey hammering gives a fifties twist to these modern classic wedding rings. The texture &#8211; created by rhythmically beating the rings with a steady hand and a slim pointy hammer &#8211; catches the light and gives theses rings a subtle sparkle.<br \/>\nThese are elegant rings with a timeless character. The warm tone of the diamond enhances the sunny ros\u00e9 gold colour. <\/p>\n<p>Let&#8217;s take the time together to see what looks best on your hand, in style, colour and proportion. This way we will create an Oogst ring that will excite you every day!<\/p>\n","protected":false},"featured_media":31216,"template":"","meta":{"inline_featured_image":false,"_genesis_hide_title":false,"_genesis_hide_breadcrumbs":false,"_genesis_hide_singular_image":false,"_genesis_hide_footer_widgets":false,"_genesis_custom_body_class":"","_genesis_custom_post_class":"","_genesis_layout":""},"product_brand":[],"product_cat":[7534],"product_tag":[7737,6213,6699,6437,6004,6749,7535],"class_list":{"0":"post-29445","1":"product","2":"type-product","3":"status-publish","4":"has-post-thumbnail","6":"product_cat-wedding-ring-collection","7":"product_tag-cape-en","8":"product_tag-diamond-en-2","9":"product_tag-hammer-blow","10":"product_tag-rhythm-en","11":"product_tag-rosegoud-en","12":"product_tag-sleek-en-2","13":"product_tag-wedding-rings-en-2","14":"entry","16":"first","17":"instock","18":"taxable","19":"shipping-taxable","20":"product-type-simple"},"yoast_head":"<!-- This site is optimized with the Yoast SEO Premium plugin v27.4 (Yoast SEO v27.4) - https:\/\/yoast.com\/product\/yoast-seo-premium-wordpress\/ -->\n<title>Wedding rings with hammered texture and with a diamond.<\/title>\n<meta name=\"description\" content=\"Hammered wedding bands &#039;Rhythm&#039; with stripey hammering. Ros\u00e9 gold ring with cape colour diamonds. Design by Oogst Jewellery in Amsterdam.\" \/>\n<meta name=\"robots\" content=\"index, follow, max-snippet:-1, max-image-preview:large, max-video-preview:-1\" \/>\n<link rel=\"canonical\" href=\"https:\/\/oogst-sieraden.nl\/en\/product\/wedding-rings-rhythm-rose-gold-diamond\/\" \/>\n<meta property=\"og:locale\" content=\"en_US\" \/>\n<meta property=\"og:type\" content=\"article\" \/>\n<meta property=\"og:title\" content=\"wedding rings rhythm * ros\u00e9 gold &amp; diamond &amp; ros\u00e9 gold\" \/>\n<meta property=\"og:description\" content=\"Hammered wedding bands &#039;Rhythm&#039; with stripey hammering. Ros\u00e9 gold ring with cape colour diamonds. Design by Oogst Jewellery in Amsterdam.\" \/>\n<meta property=\"og:url\" content=\"https:\/\/oogst-sieraden.nl\/en\/product\/wedding-rings-rhythm-rose-gold-diamond\/\" \/>\n<meta property=\"og:site_name\" content=\"Oogst Goudsmeden Amsterdam\" \/>\n<meta property=\"article:publisher\" content=\"https:\/\/www.facebook.com\/Oogst\/\" \/>\n<meta property=\"article:modified_time\" content=\"2026-02-05T11:32:25+00:00\" \/>\n<meta property=\"og:image\" content=\"https:\/\/oogst-sieraden.nl\/wp-content\/uploads\/2023\/04\/20230309_160426-01.jpeg\" \/>\n\t<meta property=\"og:image:width\" content=\"799\" \/>\n\t<meta property=\"og:image:height\" content=\"600\" \/>\n\t<meta property=\"og:image:type\" content=\"image\/jpeg\" \/>\n<meta name=\"twitter:card\" content=\"summary_large_image\" \/>\n<script type=\"application\/ld+json\" class=\"yoast-schema-graph\">{\"@context\":\"https:\\\/\\\/schema.org\",\"@graph\":[{\"@type\":\"WebPage\",\"@id\":\"https:\\\/\\\/oogst-sieraden.nl\\\/en\\\/product\\\/wedding-rings-rhythm-rose-gold-diamond\\\/\",\"url\":\"https:\\\/\\\/oogst-sieraden.nl\\\/en\\\/product\\\/wedding-rings-rhythm-rose-gold-diamond\\\/\",\"name\":\"Wedding rings with hammered texture and with a diamond.\",\"isPartOf\":{\"@id\":\"https:\\\/\\\/oogst-sieraden.nl\\\/en\\\/#website\"},\"primaryImageOfPage\":{\"@id\":\"https:\\\/\\\/oogst-sieraden.nl\\\/en\\\/product\\\/wedding-rings-rhythm-rose-gold-diamond\\\/#primaryimage\"},\"image\":{\"@id\":\"https:\\\/\\\/oogst-sieraden.nl\\\/en\\\/product\\\/wedding-rings-rhythm-rose-gold-diamond\\\/#primaryimage\"},\"thumbnailUrl\":\"https:\\\/\\\/oogst-sieraden.nl\\\/wp-content\\\/uploads\\\/2023\\\/04\\\/20230309_160426-01.jpeg\",\"datePublished\":\"2022-06-22T12:00:36+00:00\",\"dateModified\":\"2026-02-05T11:32:25+00:00\",\"description\":\"Hammered wedding bands 'Rhythm' with stripey hammering. Ros\u00e9 gold ring with cape colour diamonds. Design by Oogst Jewellery in Amsterdam.\",\"breadcrumb\":{\"@id\":\"https:\\\/\\\/oogst-sieraden.nl\\\/en\\\/product\\\/wedding-rings-rhythm-rose-gold-diamond\\\/#breadcrumb\"},\"inLanguage\":\"en-US\",\"potentialAction\":[{\"@type\":\"ReadAction\",\"target\":[\"https:\\\/\\\/oogst-sieraden.nl\\\/en\\\/product\\\/wedding-rings-rhythm-rose-gold-diamond\\\/\"]}]},{\"@type\":\"ImageObject\",\"inLanguage\":\"en-US\",\"@id\":\"https:\\\/\\\/oogst-sieraden.nl\\\/en\\\/product\\\/wedding-rings-rhythm-rose-gold-diamond\\\/#primaryimage\",\"url\":\"https:\\\/\\\/oogst-sieraden.nl\\\/wp-content\\\/uploads\\\/2023\\\/04\\\/20230309_160426-01.jpeg\",\"contentUrl\":\"https:\\\/\\\/oogst-sieraden.nl\\\/wp-content\\\/uploads\\\/2023\\\/04\\\/20230309_160426-01.jpeg\",\"width\":799,\"height\":600,\"caption\":\"Ros\u00e9 gold wedding rings with criss cross hammered texture and sparkly diamonds. Designed by Oogst goldsmith Amsterdam.\"},{\"@type\":\"BreadcrumbList\",\"@id\":\"https:\\\/\\\/oogst-sieraden.nl\\\/en\\\/product\\\/wedding-rings-rhythm-rose-gold-diamond\\\/#breadcrumb\",\"itemListElement\":[{\"@type\":\"ListItem\",\"position\":1,\"name\":\"Home\",\"item\":\"https:\\\/\\\/oogst-sieraden.nl\\\/en\\\/\"},{\"@type\":\"ListItem\",\"position\":2,\"name\":\"webshop\",\"item\":\"https:\\\/\\\/oogst-sieraden.nl\\\/en\\\/webshop\\\/\"},{\"@type\":\"ListItem\",\"position\":3,\"name\":\"wedding rings rhythm * ros\u00e9 gold &#038; diamond &#038; ros\u00e9 gold\"}]},{\"@type\":\"WebSite\",\"@id\":\"https:\\\/\\\/oogst-sieraden.nl\\\/en\\\/#website\",\"url\":\"https:\\\/\\\/oogst-sieraden.nl\\\/en\\\/\",\"name\":\"Oogst Goudsmeden Amsterdam\",\"description\":\"Collectie handgemaakte sieraden uit eigen atelier.\",\"publisher\":{\"@id\":\"https:\\\/\\\/oogst-sieraden.nl\\\/en\\\/#organization\"},\"potentialAction\":[{\"@type\":\"SearchAction\",\"target\":{\"@type\":\"EntryPoint\",\"urlTemplate\":\"https:\\\/\\\/oogst-sieraden.nl\\\/en\\\/?s={search_term_string}\"},\"query-input\":{\"@type\":\"PropertyValueSpecification\",\"valueRequired\":true,\"valueName\":\"search_term_string\"}}],\"inLanguage\":\"en-US\"},{\"@type\":\"Organization\",\"@id\":\"https:\\\/\\\/oogst-sieraden.nl\\\/en\\\/#organization\",\"name\":\"Oogst Goudsmeden Amsterdam\",\"url\":\"https:\\\/\\\/oogst-sieraden.nl\\\/en\\\/\",\"logo\":{\"@type\":\"ImageObject\",\"inLanguage\":\"en-US\",\"@id\":\"https:\\\/\\\/oogst-sieraden.nl\\\/en\\\/#\\\/schema\\\/logo\\\/image\\\/\",\"url\":\"https:\\\/\\\/oogst-sieraden.nl\\\/wp-content\\\/uploads\\\/2021\\\/03\\\/Social-Sticker.png\",\"contentUrl\":\"https:\\\/\\\/oogst-sieraden.nl\\\/wp-content\\\/uploads\\\/2021\\\/03\\\/Social-Sticker.png\",\"width\":591,\"height\":591,\"caption\":\"Oogst Goudsmeden Amsterdam\"},\"image\":{\"@id\":\"https:\\\/\\\/oogst-sieraden.nl\\\/en\\\/#\\\/schema\\\/logo\\\/image\\\/\"},\"sameAs\":[\"https:\\\/\\\/www.facebook.com\\\/Oogst\\\/\",\"https:\\\/\\\/www.instagram.com\\\/oogstgoudsmeden\\\/\",\"https:\\\/\\\/www.linkedin.com\\\/company\\\/oogst-sieraden\",\"https:\\\/\\\/nl.pinterest.com\\\/Oogst\\\/\",\"https:\\\/\\\/www.youtube.com\\\/channel\\\/UCaWsKn9Jn3UKCtL2o1CE4rg\"]}]}<\/script>\n<!-- \/ Yoast SEO Premium plugin. -->","yoast_head_json":{"title":"Wedding rings with hammered texture and with a diamond.","description":"Hammered wedding bands 'Rhythm' with stripey hammering. Ros\u00e9 gold ring with cape colour diamonds. Design by Oogst Jewellery in Amsterdam.","robots":{"index":"index","follow":"follow","max-snippet":"max-snippet:-1","max-image-preview":"max-image-preview:large","max-video-preview":"max-video-preview:-1"},"canonical":"https:\/\/oogst-sieraden.nl\/en\/product\/wedding-rings-rhythm-rose-gold-diamond\/","og_locale":"en_US","og_type":"article","og_title":"wedding rings rhythm * ros\u00e9 gold & diamond & ros\u00e9 gold","og_description":"Hammered wedding bands 'Rhythm' with stripey hammering. Ros\u00e9 gold ring with cape colour diamonds. Design by Oogst Jewellery in Amsterdam.","og_url":"https:\/\/oogst-sieraden.nl\/en\/product\/wedding-rings-rhythm-rose-gold-diamond\/","og_site_name":"Oogst Goudsmeden Amsterdam","article_publisher":"https:\/\/www.facebook.com\/Oogst\/","article_modified_time":"2026-02-05T11:32:25+00:00","og_image":[{"width":799,"height":600,"url":"https:\/\/oogst-sieraden.nl\/wp-content\/uploads\/2023\/04\/20230309_160426-01.jpeg","type":"image\/jpeg"}],"twitter_card":"summary_large_image","schema":{"@context":"https:\/\/schema.org","@graph":[{"@type":"WebPage","@id":"https:\/\/oogst-sieraden.nl\/en\/product\/wedding-rings-rhythm-rose-gold-diamond\/","url":"https:\/\/oogst-sieraden.nl\/en\/product\/wedding-rings-rhythm-rose-gold-diamond\/","name":"Wedding rings with hammered texture and with a diamond.","isPartOf":{"@id":"https:\/\/oogst-sieraden.nl\/en\/#website"},"primaryImageOfPage":{"@id":"https:\/\/oogst-sieraden.nl\/en\/product\/wedding-rings-rhythm-rose-gold-diamond\/#primaryimage"},"image":{"@id":"https:\/\/oogst-sieraden.nl\/en\/product\/wedding-rings-rhythm-rose-gold-diamond\/#primaryimage"},"thumbnailUrl":"https:\/\/oogst-sieraden.nl\/wp-content\/uploads\/2023\/04\/20230309_160426-01.jpeg","datePublished":"2022-06-22T12:00:36+00:00","dateModified":"2026-02-05T11:32:25+00:00","description":"Hammered wedding bands 'Rhythm' with stripey hammering. Ros\u00e9 gold ring with cape colour diamonds. Design by Oogst Jewellery in Amsterdam.","breadcrumb":{"@id":"https:\/\/oogst-sieraden.nl\/en\/product\/wedding-rings-rhythm-rose-gold-diamond\/#breadcrumb"},"inLanguage":"en-US","potentialAction":[{"@type":"ReadAction","target":["https:\/\/oogst-sieraden.nl\/en\/product\/wedding-rings-rhythm-rose-gold-diamond\/"]}]},{"@type":"ImageObject","inLanguage":"en-US","@id":"https:\/\/oogst-sieraden.nl\/en\/product\/wedding-rings-rhythm-rose-gold-diamond\/#primaryimage","url":"https:\/\/oogst-sieraden.nl\/wp-content\/uploads\/2023\/04\/20230309_160426-01.jpeg","contentUrl":"https:\/\/oogst-sieraden.nl\/wp-content\/uploads\/2023\/04\/20230309_160426-01.jpeg","width":799,"height":600,"caption":"Ros\u00e9 gold wedding rings with criss cross hammered texture and sparkly diamonds. Designed by Oogst goldsmith Amsterdam."},{"@type":"BreadcrumbList","@id":"https:\/\/oogst-sieraden.nl\/en\/product\/wedding-rings-rhythm-rose-gold-diamond\/#breadcrumb","itemListElement":[{"@type":"ListItem","position":1,"name":"Home","item":"https:\/\/oogst-sieraden.nl\/en\/"},{"@type":"ListItem","position":2,"name":"webshop","item":"https:\/\/oogst-sieraden.nl\/en\/webshop\/"},{"@type":"ListItem","position":3,"name":"wedding rings rhythm * ros\u00e9 gold &#038; diamond &#038; ros\u00e9 gold"}]},{"@type":"WebSite","@id":"https:\/\/oogst-sieraden.nl\/en\/#website","url":"https:\/\/oogst-sieraden.nl\/en\/","name":"Oogst Goudsmeden Amsterdam","description":"Collectie handgemaakte sieraden uit eigen atelier.","publisher":{"@id":"https:\/\/oogst-sieraden.nl\/en\/#organization"},"potentialAction":[{"@type":"SearchAction","target":{"@type":"EntryPoint","urlTemplate":"https:\/\/oogst-sieraden.nl\/en\/?s={search_term_string}"},"query-input":{"@type":"PropertyValueSpecification","valueRequired":true,"valueName":"search_term_string"}}],"inLanguage":"en-US"},{"@type":"Organization","@id":"https:\/\/oogst-sieraden.nl\/en\/#organization","name":"Oogst Goudsmeden Amsterdam","url":"https:\/\/oogst-sieraden.nl\/en\/","logo":{"@type":"ImageObject","inLanguage":"en-US","@id":"https:\/\/oogst-sieraden.nl\/en\/#\/schema\/logo\/image\/","url":"https:\/\/oogst-sieraden.nl\/wp-content\/uploads\/2021\/03\/Social-Sticker.png","contentUrl":"https:\/\/oogst-sieraden.nl\/wp-content\/uploads\/2021\/03\/Social-Sticker.png","width":591,"height":591,"caption":"Oogst Goudsmeden Amsterdam"},"image":{"@id":"https:\/\/oogst-sieraden.nl\/en\/#\/schema\/logo\/image\/"},"sameAs":["https:\/\/www.facebook.com\/Oogst\/","https:\/\/www.instagram.com\/oogstgoudsmeden\/","https:\/\/www.linkedin.com\/company\/oogst-sieraden","https:\/\/nl.pinterest.com\/Oogst\/","https:\/\/www.youtube.com\/channel\/UCaWsKn9Jn3UKCtL2o1CE4rg"]}]}},"_links":{"self":[{"href":"https:\/\/oogst-sieraden.nl\/en\/wp-json\/wp\/v2\/product\/29445","targetHints":{"allow":["GET"]}}],"collection":[{"href":"https:\/\/oogst-sieraden.nl\/en\/wp-json\/wp\/v2\/product"}],"about":[{"href":"https:\/\/oogst-sieraden.nl\/en\/wp-json\/wp\/v2\/types\/product"}],"wp:featuredmedia":[{"embeddable":true,"href":"https:\/\/oogst-sieraden.nl\/en\/wp-json\/wp\/v2\/media\/31216"}],"wp:attachment":[{"href":"https:\/\/oogst-sieraden.nl\/en\/wp-json\/wp\/v2\/media?parent=29445"}],"wp:term":[{"taxonomy":"product_brand","embeddable":true,"href":"https:\/\/oogst-sieraden.nl\/en\/wp-json\/wp\/v2\/product_brand?post=29445"},{"taxonomy":"product_cat","embeddable":true,"href":"https:\/\/oogst-sieraden.nl\/en\/wp-json\/wp\/v2\/product_cat?post=29445"},{"taxonomy":"product_tag","embeddable":true,"href":"https:\/\/oogst-sieraden.nl\/en\/wp-json\/wp\/v2\/product_tag?post=29445"}],"curies":[{"name":"wp","href":"https:\/\/api.w.org\/{rel}","templated":true}]}}