{"id":22087,"date":"2017-03-29T14:45:33","date_gmt":"2017-03-29T12:45:33","guid":{"rendered":"https:\/\/oogst-sieraden.nl\/product\/wedding-rings-simplicity-pave\/"},"modified":"2026-02-05T12:22:53","modified_gmt":"2026-02-05T11:22:53","slug":"wedding-rings-simplicity-pave","status":"publish","type":"product","link":"https:\/\/oogst-sieraden.nl\/en\/product\/wedding-rings-simplicity-pave\/","title":{"rendered":"ros\u00e9 gold wedding rings simplicity &#038; rhythm* &#038; diamond"},"content":{"rendered":"<p>Ros\u00e9 gold wedding rings &#8216;Simplicity&#8217; &#038; &#8216;Rhythm&#8217;<\/p>\n<p>14 ct ros\u00e9 gold ring with 58x 0,005 ct brilliant cut diamonds in sunny cape colour pav\u00e9<br \/>\nset all around<br \/>\n3 mm width, voluminous oval shape<\/p>\n<p>14 ct ros\u00e9 gold ring with cushion hammering<br \/>\n4 mm width, oval shape<\/p>\n<p>recycled gold<br \/>\nconflict free diamonds<br \/>\ncreated in the Oogst goldsmith studio<\/p>\n<p>Looking for something like these rings, but would you prefer another colour gold? The Oogst rings are also created in 14 ct yellow, rose and palladium white gold. Would you like another colour diamonds? This is also something you can choose, so it will become your personal variation on an Oogst design. Book an appointment to try on the handmade collection and to choose your favorite style.<\/p>\n","protected":false},"excerpt":{"rendered":"<p>Ros\u00e9 gold wedding rings from our &#8216;Simplicity&#8217; series combined with a &#8216;Rhythm&#8217; ring. Sparkling and timeless because of the streamlined design and comfortable to wear too. The warm tone of the gold pops because of the soft brushed finish. The pav\u00e9 set diamonds (58x!) in a soft yellow tone makes it a subtle and sparkling &#8216;Eternity&#8217; ring. Wear this next to your engagement ring to make both rings sparkle even more. The hammering of the male ring is playful and gives this piece a vintage look.<\/p>\n<p>Let&#8217;s have a look at what looks best with your hand, in colour, style and proportion, together. This way it will become a ring that will excite you every day. Plan an appointment and come try on rings in our studio.<\/p>\n","protected":false},"featured_media":14795,"template":"","meta":{"inline_featured_image":false,"_genesis_hide_title":false,"_genesis_hide_breadcrumbs":false,"_genesis_hide_singular_image":false,"_genesis_hide_footer_widgets":false,"_genesis_custom_body_class":"","_genesis_custom_post_class":"","_genesis_layout":""},"product_brand":[],"product_cat":[7534],"product_tag":[6213,6699,6822,6437,6004,6344,6749,7535],"class_list":{"0":"post-22087","1":"product","2":"type-product","3":"status-publish","4":"has-post-thumbnail","6":"product_cat-wedding-ring-collection","7":"product_tag-diamond-en-2","8":"product_tag-hammer-blow","9":"product_tag-pave-en","10":"product_tag-rhythm-en","11":"product_tag-rosegoud-en","12":"product_tag-simplicity-en","13":"product_tag-sleek-en-2","14":"product_tag-wedding-rings-en-2","15":"entry","17":"first","18":"instock","19":"taxable","20":"shipping-taxable","21":"product-type-simple"},"yoast_head":"<!-- This site is optimized with the Yoast SEO Premium plugin v27.6 (Yoast SEO v27.6) - https:\/\/yoast.com\/product\/yoast-seo-premium-wordpress\/ -->\n<title>Ros\u00e9 gold wedding rings, hammered &amp; eternity with diamonds.<\/title>\n<meta name=\"description\" content=\"Ros\u00e9 gold wedding rings sparkly and timeless design. Playfully hammered and set with diamonds.\" \/>\n<meta name=\"robots\" content=\"index, follow, max-snippet:-1, max-image-preview:large, max-video-preview:-1\" \/>\n<link rel=\"canonical\" href=\"https:\/\/oogst-sieraden.nl\/en\/product\/wedding-rings-simplicity-pave\/\" \/>\n<meta property=\"og:locale\" content=\"en_US\" \/>\n<meta property=\"og:type\" content=\"article\" \/>\n<meta property=\"og:title\" content=\"ros\u00e9 gold wedding rings simplicity &amp; rhythm* &amp; diamond\" \/>\n<meta property=\"og:description\" content=\"Ros\u00e9 gold wedding rings sparkly and timeless design. Playfully hammered and set with diamonds.\" \/>\n<meta property=\"og:url\" content=\"https:\/\/oogst-sieraden.nl\/en\/product\/wedding-rings-simplicity-pave\/\" \/>\n<meta property=\"og:site_name\" content=\"Oogst Goudsmeden Amsterdam\" \/>\n<meta property=\"article:publisher\" content=\"https:\/\/www.facebook.com\/Oogst\/\" \/>\n<meta property=\"article:modified_time\" content=\"2026-02-05T11:22:53+00:00\" \/>\n<meta name=\"twitter:card\" content=\"summary_large_image\" \/>\n<meta name=\"twitter:label1\" content=\"Est. reading time\" \/>\n\t<meta name=\"twitter:data1\" content=\"1 minute\" \/>\n<script type=\"application\/ld+json\" class=\"yoast-schema-graph\">{\"@context\":\"https:\\\/\\\/schema.org\",\"@graph\":[{\"@type\":\"WebPage\",\"@id\":\"https:\\\/\\\/oogst-sieraden.nl\\\/en\\\/product\\\/wedding-rings-simplicity-pave\\\/\",\"url\":\"https:\\\/\\\/oogst-sieraden.nl\\\/en\\\/product\\\/wedding-rings-simplicity-pave\\\/\",\"name\":\"Ros\u00e9 gold wedding rings, hammered & eternity with diamonds.\",\"isPartOf\":{\"@id\":\"https:\\\/\\\/oogst-sieraden.nl\\\/en\\\/#website\"},\"primaryImageOfPage\":{\"@id\":\"https:\\\/\\\/oogst-sieraden.nl\\\/en\\\/product\\\/wedding-rings-simplicity-pave\\\/#primaryimage\"},\"image\":{\"@id\":\"https:\\\/\\\/oogst-sieraden.nl\\\/en\\\/product\\\/wedding-rings-simplicity-pave\\\/#primaryimage\"},\"thumbnailUrl\":\"https:\\\/\\\/oogst-sieraden.nl\\\/wp-content\\\/uploads\\\/2019\\\/11\\\/20190801_115102.jpg\",\"datePublished\":\"2017-03-29T12:45:33+00:00\",\"dateModified\":\"2026-02-05T11:22:53+00:00\",\"description\":\"Ros\u00e9 gold wedding rings sparkly and timeless design. Playfully hammered and set with diamonds.\",\"breadcrumb\":{\"@id\":\"https:\\\/\\\/oogst-sieraden.nl\\\/en\\\/product\\\/wedding-rings-simplicity-pave\\\/#breadcrumb\"},\"inLanguage\":\"en-US\",\"potentialAction\":[{\"@type\":\"ReadAction\",\"target\":[\"https:\\\/\\\/oogst-sieraden.nl\\\/en\\\/product\\\/wedding-rings-simplicity-pave\\\/\"]}]},{\"@type\":\"ImageObject\",\"inLanguage\":\"en-US\",\"@id\":\"https:\\\/\\\/oogst-sieraden.nl\\\/en\\\/product\\\/wedding-rings-simplicity-pave\\\/#primaryimage\",\"url\":\"https:\\\/\\\/oogst-sieraden.nl\\\/wp-content\\\/uploads\\\/2019\\\/11\\\/20190801_115102.jpg\",\"contentUrl\":\"https:\\\/\\\/oogst-sieraden.nl\\\/wp-content\\\/uploads\\\/2019\\\/11\\\/20190801_115102.jpg\",\"width\":900,\"height\":675,\"caption\":\"Trouwringen Ritme ros\u00e9gouden huwelijksringen met hamerslag en diamant pav\u00e9 gezet voor haar. Wedding rings Rhythm rose gold hammered rings with pav\u00e9 set diamonds for her. Huwelijksringen. edelsmid. Goudsmid Amsterdam. Oogst\"},{\"@type\":\"BreadcrumbList\",\"@id\":\"https:\\\/\\\/oogst-sieraden.nl\\\/en\\\/product\\\/wedding-rings-simplicity-pave\\\/#breadcrumb\",\"itemListElement\":[{\"@type\":\"ListItem\",\"position\":1,\"name\":\"Home\",\"item\":\"https:\\\/\\\/oogst-sieraden.nl\\\/en\\\/\"},{\"@type\":\"ListItem\",\"position\":2,\"name\":\"webshop\",\"item\":\"https:\\\/\\\/oogst-sieraden.nl\\\/en\\\/webshop\\\/\"},{\"@type\":\"ListItem\",\"position\":3,\"name\":\"ros\u00e9 gold wedding rings simplicity &#038; rhythm* &#038; diamond\"}]},{\"@type\":\"WebSite\",\"@id\":\"https:\\\/\\\/oogst-sieraden.nl\\\/en\\\/#website\",\"url\":\"https:\\\/\\\/oogst-sieraden.nl\\\/en\\\/\",\"name\":\"Oogst Goudsmeden Amsterdam\",\"description\":\"Collectie handgemaakte sieraden uit eigen atelier.\",\"publisher\":{\"@id\":\"https:\\\/\\\/oogst-sieraden.nl\\\/en\\\/#organization\"},\"potentialAction\":[{\"@type\":\"SearchAction\",\"target\":{\"@type\":\"EntryPoint\",\"urlTemplate\":\"https:\\\/\\\/oogst-sieraden.nl\\\/en\\\/?s={search_term_string}\"},\"query-input\":{\"@type\":\"PropertyValueSpecification\",\"valueRequired\":true,\"valueName\":\"search_term_string\"}}],\"inLanguage\":\"en-US\"},{\"@type\":\"Organization\",\"@id\":\"https:\\\/\\\/oogst-sieraden.nl\\\/en\\\/#organization\",\"name\":\"Oogst Goudsmeden Amsterdam\",\"url\":\"https:\\\/\\\/oogst-sieraden.nl\\\/en\\\/\",\"logo\":{\"@type\":\"ImageObject\",\"inLanguage\":\"en-US\",\"@id\":\"https:\\\/\\\/oogst-sieraden.nl\\\/en\\\/#\\\/schema\\\/logo\\\/image\\\/\",\"url\":\"https:\\\/\\\/oogst-sieraden.nl\\\/wp-content\\\/uploads\\\/2021\\\/03\\\/Social-Sticker.png\",\"contentUrl\":\"https:\\\/\\\/oogst-sieraden.nl\\\/wp-content\\\/uploads\\\/2021\\\/03\\\/Social-Sticker.png\",\"width\":591,\"height\":591,\"caption\":\"Oogst Goudsmeden Amsterdam\"},\"image\":{\"@id\":\"https:\\\/\\\/oogst-sieraden.nl\\\/en\\\/#\\\/schema\\\/logo\\\/image\\\/\"},\"sameAs\":[\"https:\\\/\\\/www.facebook.com\\\/Oogst\\\/\",\"https:\\\/\\\/www.instagram.com\\\/oogstgoudsmeden\\\/\",\"https:\\\/\\\/www.linkedin.com\\\/company\\\/oogst-sieraden\",\"https:\\\/\\\/nl.pinterest.com\\\/Oogst\\\/\",\"https:\\\/\\\/www.youtube.com\\\/channel\\\/UCaWsKn9Jn3UKCtL2o1CE4rg\"]}]}<\/script>\n<!-- \/ Yoast SEO Premium plugin. -->","yoast_head_json":{"title":"Ros\u00e9 gold wedding rings, hammered & eternity with diamonds.","description":"Ros\u00e9 gold wedding rings sparkly and timeless design. Playfully hammered and set with diamonds.","robots":{"index":"index","follow":"follow","max-snippet":"max-snippet:-1","max-image-preview":"max-image-preview:large","max-video-preview":"max-video-preview:-1"},"canonical":"https:\/\/oogst-sieraden.nl\/en\/product\/wedding-rings-simplicity-pave\/","og_locale":"en_US","og_type":"article","og_title":"ros\u00e9 gold wedding rings simplicity & rhythm* & diamond","og_description":"Ros\u00e9 gold wedding rings sparkly and timeless design. Playfully hammered and set with diamonds.","og_url":"https:\/\/oogst-sieraden.nl\/en\/product\/wedding-rings-simplicity-pave\/","og_site_name":"Oogst Goudsmeden Amsterdam","article_publisher":"https:\/\/www.facebook.com\/Oogst\/","article_modified_time":"2026-02-05T11:22:53+00:00","twitter_card":"summary_large_image","twitter_misc":{"Est. reading time":"1 minute"},"schema":{"@context":"https:\/\/schema.org","@graph":[{"@type":"WebPage","@id":"https:\/\/oogst-sieraden.nl\/en\/product\/wedding-rings-simplicity-pave\/","url":"https:\/\/oogst-sieraden.nl\/en\/product\/wedding-rings-simplicity-pave\/","name":"Ros\u00e9 gold wedding rings, hammered & eternity with diamonds.","isPartOf":{"@id":"https:\/\/oogst-sieraden.nl\/en\/#website"},"primaryImageOfPage":{"@id":"https:\/\/oogst-sieraden.nl\/en\/product\/wedding-rings-simplicity-pave\/#primaryimage"},"image":{"@id":"https:\/\/oogst-sieraden.nl\/en\/product\/wedding-rings-simplicity-pave\/#primaryimage"},"thumbnailUrl":"https:\/\/oogst-sieraden.nl\/wp-content\/uploads\/2019\/11\/20190801_115102.jpg","datePublished":"2017-03-29T12:45:33+00:00","dateModified":"2026-02-05T11:22:53+00:00","description":"Ros\u00e9 gold wedding rings sparkly and timeless design. Playfully hammered and set with diamonds.","breadcrumb":{"@id":"https:\/\/oogst-sieraden.nl\/en\/product\/wedding-rings-simplicity-pave\/#breadcrumb"},"inLanguage":"en-US","potentialAction":[{"@type":"ReadAction","target":["https:\/\/oogst-sieraden.nl\/en\/product\/wedding-rings-simplicity-pave\/"]}]},{"@type":"ImageObject","inLanguage":"en-US","@id":"https:\/\/oogst-sieraden.nl\/en\/product\/wedding-rings-simplicity-pave\/#primaryimage","url":"https:\/\/oogst-sieraden.nl\/wp-content\/uploads\/2019\/11\/20190801_115102.jpg","contentUrl":"https:\/\/oogst-sieraden.nl\/wp-content\/uploads\/2019\/11\/20190801_115102.jpg","width":900,"height":675,"caption":"Trouwringen Ritme ros\u00e9gouden huwelijksringen met hamerslag en diamant pav\u00e9 gezet voor haar. Wedding rings Rhythm rose gold hammered rings with pav\u00e9 set diamonds for her. Huwelijksringen. edelsmid. Goudsmid Amsterdam. Oogst"},{"@type":"BreadcrumbList","@id":"https:\/\/oogst-sieraden.nl\/en\/product\/wedding-rings-simplicity-pave\/#breadcrumb","itemListElement":[{"@type":"ListItem","position":1,"name":"Home","item":"https:\/\/oogst-sieraden.nl\/en\/"},{"@type":"ListItem","position":2,"name":"webshop","item":"https:\/\/oogst-sieraden.nl\/en\/webshop\/"},{"@type":"ListItem","position":3,"name":"ros\u00e9 gold wedding rings simplicity &#038; rhythm* &#038; diamond"}]},{"@type":"WebSite","@id":"https:\/\/oogst-sieraden.nl\/en\/#website","url":"https:\/\/oogst-sieraden.nl\/en\/","name":"Oogst Goudsmeden Amsterdam","description":"Collectie handgemaakte sieraden uit eigen atelier.","publisher":{"@id":"https:\/\/oogst-sieraden.nl\/en\/#organization"},"potentialAction":[{"@type":"SearchAction","target":{"@type":"EntryPoint","urlTemplate":"https:\/\/oogst-sieraden.nl\/en\/?s={search_term_string}"},"query-input":{"@type":"PropertyValueSpecification","valueRequired":true,"valueName":"search_term_string"}}],"inLanguage":"en-US"},{"@type":"Organization","@id":"https:\/\/oogst-sieraden.nl\/en\/#organization","name":"Oogst Goudsmeden Amsterdam","url":"https:\/\/oogst-sieraden.nl\/en\/","logo":{"@type":"ImageObject","inLanguage":"en-US","@id":"https:\/\/oogst-sieraden.nl\/en\/#\/schema\/logo\/image\/","url":"https:\/\/oogst-sieraden.nl\/wp-content\/uploads\/2021\/03\/Social-Sticker.png","contentUrl":"https:\/\/oogst-sieraden.nl\/wp-content\/uploads\/2021\/03\/Social-Sticker.png","width":591,"height":591,"caption":"Oogst Goudsmeden Amsterdam"},"image":{"@id":"https:\/\/oogst-sieraden.nl\/en\/#\/schema\/logo\/image\/"},"sameAs":["https:\/\/www.facebook.com\/Oogst\/","https:\/\/www.instagram.com\/oogstgoudsmeden\/","https:\/\/www.linkedin.com\/company\/oogst-sieraden","https:\/\/nl.pinterest.com\/Oogst\/","https:\/\/www.youtube.com\/channel\/UCaWsKn9Jn3UKCtL2o1CE4rg"]}]}},"_links":{"self":[{"href":"https:\/\/oogst-sieraden.nl\/en\/wp-json\/wp\/v2\/product\/22087","targetHints":{"allow":["GET"]}}],"collection":[{"href":"https:\/\/oogst-sieraden.nl\/en\/wp-json\/wp\/v2\/product"}],"about":[{"href":"https:\/\/oogst-sieraden.nl\/en\/wp-json\/wp\/v2\/types\/product"}],"wp:featuredmedia":[{"embeddable":true,"href":"https:\/\/oogst-sieraden.nl\/en\/wp-json\/wp\/v2\/media\/14795"}],"wp:attachment":[{"href":"https:\/\/oogst-sieraden.nl\/en\/wp-json\/wp\/v2\/media?parent=22087"}],"wp:term":[{"taxonomy":"product_brand","embeddable":true,"href":"https:\/\/oogst-sieraden.nl\/en\/wp-json\/wp\/v2\/product_brand?post=22087"},{"taxonomy":"product_cat","embeddable":true,"href":"https:\/\/oogst-sieraden.nl\/en\/wp-json\/wp\/v2\/product_cat?post=22087"},{"taxonomy":"product_tag","embeddable":true,"href":"https:\/\/oogst-sieraden.nl\/en\/wp-json\/wp\/v2\/product_tag?post=22087"}],"curies":[{"name":"wp","href":"https:\/\/api.w.org\/{rel}","templated":true}]}}