{"id":22077,"date":"2020-04-01T17:24:57","date_gmt":"2020-04-01T15:24:57","guid":{"rendered":"https:\/\/oogst-sieraden.nl\/product\/wedding-rings-carre-simplicity-white-gold-princess-cut-diamond-rose-gold\/"},"modified":"2023-05-31T13:11:36","modified_gmt":"2023-05-31T11:11:36","slug":"wedding-rings-carre-simplicity-white-gold-princess-cut-diamond-rose-gold","status":"publish","type":"product","link":"https:\/\/oogst-sieraden.nl\/en\/product\/wedding-rings-carre-simplicity-white-gold-princess-cut-diamond-rose-gold\/","title":{"rendered":"wedding rings carr\u00e9 &#038; simplicity * white gold &#038; diamond * ros\u00e9 gold: sold"},"content":{"rendered":"<p>Sleek wedding rings &#8216;Square&#8217; &#038; &#8216;Simplicity&#8217;<\/p>\n<p>* 14 ct palladium white gold ring<br \/>\n* a beautiful 0,28 ct princess cut diamond F\/VVS1<br \/>\n* a 0,005 crt brilliant cut diamond F\/VVS1 on the side<br \/>\n* 2 mm wide ring, oval shape<br \/>\n* sold<\/p>\n<p>* 14 ct ros\u00e9 gold ring<br \/>\n* 3 mm wide ring, oval shape<br \/>\n* sold<\/p>\n<p>* recycled gold<br \/>\n* conflict free diamond<br \/>\n* created in the Oogst studio<\/p>\n","protected":false},"excerpt":{"rendered":"<p>Sleek wedding rings &#8216;Simplicity&#8217; &#038; &#8216;Carr\u00e9&#8217; from the Oogst collection.<\/p>\n<p>The carefully made scratches give these rings a sparkly texture. The diamonds are a beautiful contrast with the matted finish. The rounded shape of these rings make them feel luxurious.<\/p>\n<p>Let&#8217;s have a look at what looks best with your hand, in style, colour and proportion, together. How about this modern classic with a little twinkle in the band? This way it will become a bespoke Oogst wedding ring that will excite you every day! Book an appointment and come try our in house collection on.<\/p>\n","protected":false},"featured_media":19074,"template":"","meta":{"inline_featured_image":false,"_genesis_hide_title":false,"_genesis_hide_breadcrumbs":false,"_genesis_hide_singular_image":false,"_genesis_hide_footer_widgets":false,"_genesis_custom_body_class":"","_genesis_custom_post_class":"","_genesis_layout":""},"product_brand":[],"product_cat":[8513],"product_tag":[6213,6967,6004,6344,6749,6845,7535,8622],"class_list":{"0":"post-22077","1":"product","2":"type-product","3":"status-publish","4":"has-post-thumbnail","6":"product_cat-wedding-rings-sold","7":"product_tag-diamond-en-2","8":"product_tag-princess-en","9":"product_tag-rosegoud-en","10":"product_tag-simplicity-en","11":"product_tag-sleek-en-2","12":"product_tag-square-en-2","13":"product_tag-wedding-rings-en-2","14":"product_tag-witgoud-en-2","15":"entry","17":"first","18":"instock","19":"taxable","20":"shipping-taxable","21":"product-type-simple"},"yoast_head":"<!-- This site is optimized with the Yoast SEO Premium plugin v27.4 (Yoast SEO v27.3) - https:\/\/yoast.com\/product\/yoast-seo-premium-wordpress\/ -->\n<title>wedding rings carr\u00e9 &amp; simplicity * white gold &amp; diamond * ros\u00e9 gold: sold &#8902; Oogst Goudsmeden Amsterdam<\/title>\n<meta name=\"description\" content=\"Wedding rings Carr\u00e9 and &#039;Simplicity&#039;. White gold ring with princess cut diamond. Ros\u00e9 gold ring. Oogst goudsmid Amsterdam.\" \/>\n<meta name=\"robots\" content=\"index, follow, max-snippet:-1, max-image-preview:large, max-video-preview:-1\" \/>\n<link rel=\"canonical\" href=\"https:\/\/oogst-sieraden.nl\/en\/product\/wedding-rings-carre-simplicity-white-gold-princess-cut-diamond-rose-gold\/\" \/>\n<meta property=\"og:locale\" content=\"en_US\" \/>\n<meta property=\"og:type\" content=\"article\" \/>\n<meta property=\"og:title\" content=\"wedding rings carr\u00e9 &amp; simplicity * white gold &amp; diamond * ros\u00e9 gold: sold &#8902; Oogst Goudsmeden Amsterdam\" \/>\n<meta property=\"og:description\" content=\"Wedding rings Carr\u00e9 and &#039;Simplicity&#039;. White gold ring with princess cut diamond. Ros\u00e9 gold ring. Oogst goudsmid Amsterdam.\" \/>\n<meta property=\"og:url\" content=\"https:\/\/oogst-sieraden.nl\/en\/product\/wedding-rings-carre-simplicity-white-gold-princess-cut-diamond-rose-gold\/\" \/>\n<meta property=\"og:site_name\" content=\"Oogst Goudsmeden Amsterdam\" \/>\n<meta property=\"article:publisher\" content=\"https:\/\/www.facebook.com\/Oogst\/\" \/>\n<meta property=\"article:modified_time\" content=\"2023-05-31T11:11:36+00:00\" \/>\n<meta name=\"twitter:card\" content=\"summary_large_image\" \/>\n<script type=\"application\/ld+json\" class=\"yoast-schema-graph\">{\"@context\":\"https:\\\/\\\/schema.org\",\"@graph\":[{\"@type\":\"WebPage\",\"@id\":\"https:\\\/\\\/oogst-sieraden.nl\\\/en\\\/product\\\/wedding-rings-carre-simplicity-white-gold-princess-cut-diamond-rose-gold\\\/\",\"url\":\"https:\\\/\\\/oogst-sieraden.nl\\\/en\\\/product\\\/wedding-rings-carre-simplicity-white-gold-princess-cut-diamond-rose-gold\\\/\",\"name\":\"wedding rings carr\u00e9 & simplicity * white gold & diamond * ros\u00e9 gold: sold &#8902; Oogst Goudsmeden Amsterdam\",\"isPartOf\":{\"@id\":\"https:\\\/\\\/oogst-sieraden.nl\\\/en\\\/#website\"},\"primaryImageOfPage\":{\"@id\":\"https:\\\/\\\/oogst-sieraden.nl\\\/en\\\/product\\\/wedding-rings-carre-simplicity-white-gold-princess-cut-diamond-rose-gold\\\/#primaryimage\"},\"image\":{\"@id\":\"https:\\\/\\\/oogst-sieraden.nl\\\/en\\\/product\\\/wedding-rings-carre-simplicity-white-gold-princess-cut-diamond-rose-gold\\\/#primaryimage\"},\"thumbnailUrl\":\"https:\\\/\\\/oogst-sieraden.nl\\\/wp-content\\\/uploads\\\/2020\\\/04\\\/20200328_165014-01.jpeg\",\"datePublished\":\"2020-04-01T15:24:57+00:00\",\"dateModified\":\"2023-05-31T11:11:36+00:00\",\"description\":\"Wedding rings Carr\u00e9 and 'Simplicity'. White gold ring with princess cut diamond. Ros\u00e9 gold ring. Oogst goudsmid Amsterdam.\",\"breadcrumb\":{\"@id\":\"https:\\\/\\\/oogst-sieraden.nl\\\/en\\\/product\\\/wedding-rings-carre-simplicity-white-gold-princess-cut-diamond-rose-gold\\\/#breadcrumb\"},\"inLanguage\":\"en-US\",\"potentialAction\":[{\"@type\":\"ReadAction\",\"target\":[\"https:\\\/\\\/oogst-sieraden.nl\\\/en\\\/product\\\/wedding-rings-carre-simplicity-white-gold-princess-cut-diamond-rose-gold\\\/\"]}]},{\"@type\":\"ImageObject\",\"inLanguage\":\"en-US\",\"@id\":\"https:\\\/\\\/oogst-sieraden.nl\\\/en\\\/product\\\/wedding-rings-carre-simplicity-white-gold-princess-cut-diamond-rose-gold\\\/#primaryimage\",\"url\":\"https:\\\/\\\/oogst-sieraden.nl\\\/wp-content\\\/uploads\\\/2020\\\/04\\\/20200328_165014-01.jpeg\",\"contentUrl\":\"https:\\\/\\\/oogst-sieraden.nl\\\/wp-content\\\/uploads\\\/2020\\\/04\\\/20200328_165014-01.jpeg\",\"width\":800,\"height\":600,\"caption\":\"Trouwringen 'Eenvoud'. Witgouden ring met princess cut diamant en ros\u00e9gouden ring. Wedding rings 'Simplicity'. White gold ring with princess cut diamond. Ros\u00e9 gold ring. Oogst goudsmid Amsterdam.\"},{\"@type\":\"BreadcrumbList\",\"@id\":\"https:\\\/\\\/oogst-sieraden.nl\\\/en\\\/product\\\/wedding-rings-carre-simplicity-white-gold-princess-cut-diamond-rose-gold\\\/#breadcrumb\",\"itemListElement\":[{\"@type\":\"ListItem\",\"position\":1,\"name\":\"Home\",\"item\":\"https:\\\/\\\/oogst-sieraden.nl\\\/en\\\/\"},{\"@type\":\"ListItem\",\"position\":2,\"name\":\"webshop\",\"item\":\"https:\\\/\\\/oogst-sieraden.nl\\\/en\\\/webshop\\\/\"},{\"@type\":\"ListItem\",\"position\":3,\"name\":\"wedding rings carr\u00e9 &#038; simplicity * white gold &#038; diamond * ros\u00e9 gold: sold\"}]},{\"@type\":\"WebSite\",\"@id\":\"https:\\\/\\\/oogst-sieraden.nl\\\/en\\\/#website\",\"url\":\"https:\\\/\\\/oogst-sieraden.nl\\\/en\\\/\",\"name\":\"Oogst Goudsmeden Amsterdam\",\"description\":\"Collectie handgemaakte sieraden uit eigen atelier.\",\"publisher\":{\"@id\":\"https:\\\/\\\/oogst-sieraden.nl\\\/en\\\/#organization\"},\"potentialAction\":[{\"@type\":\"SearchAction\",\"target\":{\"@type\":\"EntryPoint\",\"urlTemplate\":\"https:\\\/\\\/oogst-sieraden.nl\\\/en\\\/?s={search_term_string}\"},\"query-input\":{\"@type\":\"PropertyValueSpecification\",\"valueRequired\":true,\"valueName\":\"search_term_string\"}}],\"inLanguage\":\"en-US\"},{\"@type\":\"Organization\",\"@id\":\"https:\\\/\\\/oogst-sieraden.nl\\\/en\\\/#organization\",\"name\":\"Oogst Goudsmeden Amsterdam\",\"url\":\"https:\\\/\\\/oogst-sieraden.nl\\\/en\\\/\",\"logo\":{\"@type\":\"ImageObject\",\"inLanguage\":\"en-US\",\"@id\":\"https:\\\/\\\/oogst-sieraden.nl\\\/en\\\/#\\\/schema\\\/logo\\\/image\\\/\",\"url\":\"https:\\\/\\\/oogst-sieraden.nl\\\/wp-content\\\/uploads\\\/2021\\\/03\\\/Social-Sticker.png\",\"contentUrl\":\"https:\\\/\\\/oogst-sieraden.nl\\\/wp-content\\\/uploads\\\/2021\\\/03\\\/Social-Sticker.png\",\"width\":591,\"height\":591,\"caption\":\"Oogst Goudsmeden Amsterdam\"},\"image\":{\"@id\":\"https:\\\/\\\/oogst-sieraden.nl\\\/en\\\/#\\\/schema\\\/logo\\\/image\\\/\"},\"sameAs\":[\"https:\\\/\\\/www.facebook.com\\\/Oogst\\\/\",\"https:\\\/\\\/www.instagram.com\\\/oogstgoudsmeden\\\/\",\"https:\\\/\\\/www.linkedin.com\\\/company\\\/oogst-sieraden\",\"https:\\\/\\\/nl.pinterest.com\\\/Oogst\\\/\",\"https:\\\/\\\/www.youtube.com\\\/channel\\\/UCaWsKn9Jn3UKCtL2o1CE4rg\"]}]}<\/script>\n<!-- \/ Yoast SEO Premium plugin. -->","yoast_head_json":{"title":"wedding rings carr\u00e9 & simplicity * white gold & diamond * ros\u00e9 gold: sold &#8902; Oogst Goudsmeden Amsterdam","description":"Wedding rings Carr\u00e9 and 'Simplicity'. White gold ring with princess cut diamond. Ros\u00e9 gold ring. Oogst goudsmid Amsterdam.","robots":{"index":"index","follow":"follow","max-snippet":"max-snippet:-1","max-image-preview":"max-image-preview:large","max-video-preview":"max-video-preview:-1"},"canonical":"https:\/\/oogst-sieraden.nl\/en\/product\/wedding-rings-carre-simplicity-white-gold-princess-cut-diamond-rose-gold\/","og_locale":"en_US","og_type":"article","og_title":"wedding rings carr\u00e9 & simplicity * white gold & diamond * ros\u00e9 gold: sold &#8902; Oogst Goudsmeden Amsterdam","og_description":"Wedding rings Carr\u00e9 and 'Simplicity'. White gold ring with princess cut diamond. Ros\u00e9 gold ring. Oogst goudsmid Amsterdam.","og_url":"https:\/\/oogst-sieraden.nl\/en\/product\/wedding-rings-carre-simplicity-white-gold-princess-cut-diamond-rose-gold\/","og_site_name":"Oogst Goudsmeden Amsterdam","article_publisher":"https:\/\/www.facebook.com\/Oogst\/","article_modified_time":"2023-05-31T11:11:36+00:00","twitter_card":"summary_large_image","schema":{"@context":"https:\/\/schema.org","@graph":[{"@type":"WebPage","@id":"https:\/\/oogst-sieraden.nl\/en\/product\/wedding-rings-carre-simplicity-white-gold-princess-cut-diamond-rose-gold\/","url":"https:\/\/oogst-sieraden.nl\/en\/product\/wedding-rings-carre-simplicity-white-gold-princess-cut-diamond-rose-gold\/","name":"wedding rings carr\u00e9 & simplicity * white gold & diamond * ros\u00e9 gold: sold &#8902; Oogst Goudsmeden Amsterdam","isPartOf":{"@id":"https:\/\/oogst-sieraden.nl\/en\/#website"},"primaryImageOfPage":{"@id":"https:\/\/oogst-sieraden.nl\/en\/product\/wedding-rings-carre-simplicity-white-gold-princess-cut-diamond-rose-gold\/#primaryimage"},"image":{"@id":"https:\/\/oogst-sieraden.nl\/en\/product\/wedding-rings-carre-simplicity-white-gold-princess-cut-diamond-rose-gold\/#primaryimage"},"thumbnailUrl":"https:\/\/oogst-sieraden.nl\/wp-content\/uploads\/2020\/04\/20200328_165014-01.jpeg","datePublished":"2020-04-01T15:24:57+00:00","dateModified":"2023-05-31T11:11:36+00:00","description":"Wedding rings Carr\u00e9 and 'Simplicity'. White gold ring with princess cut diamond. Ros\u00e9 gold ring. Oogst goudsmid Amsterdam.","breadcrumb":{"@id":"https:\/\/oogst-sieraden.nl\/en\/product\/wedding-rings-carre-simplicity-white-gold-princess-cut-diamond-rose-gold\/#breadcrumb"},"inLanguage":"en-US","potentialAction":[{"@type":"ReadAction","target":["https:\/\/oogst-sieraden.nl\/en\/product\/wedding-rings-carre-simplicity-white-gold-princess-cut-diamond-rose-gold\/"]}]},{"@type":"ImageObject","inLanguage":"en-US","@id":"https:\/\/oogst-sieraden.nl\/en\/product\/wedding-rings-carre-simplicity-white-gold-princess-cut-diamond-rose-gold\/#primaryimage","url":"https:\/\/oogst-sieraden.nl\/wp-content\/uploads\/2020\/04\/20200328_165014-01.jpeg","contentUrl":"https:\/\/oogst-sieraden.nl\/wp-content\/uploads\/2020\/04\/20200328_165014-01.jpeg","width":800,"height":600,"caption":"Trouwringen 'Eenvoud'. Witgouden ring met princess cut diamant en ros\u00e9gouden ring. Wedding rings 'Simplicity'. White gold ring with princess cut diamond. Ros\u00e9 gold ring. Oogst goudsmid Amsterdam."},{"@type":"BreadcrumbList","@id":"https:\/\/oogst-sieraden.nl\/en\/product\/wedding-rings-carre-simplicity-white-gold-princess-cut-diamond-rose-gold\/#breadcrumb","itemListElement":[{"@type":"ListItem","position":1,"name":"Home","item":"https:\/\/oogst-sieraden.nl\/en\/"},{"@type":"ListItem","position":2,"name":"webshop","item":"https:\/\/oogst-sieraden.nl\/en\/webshop\/"},{"@type":"ListItem","position":3,"name":"wedding rings carr\u00e9 &#038; simplicity * white gold &#038; diamond * ros\u00e9 gold: sold"}]},{"@type":"WebSite","@id":"https:\/\/oogst-sieraden.nl\/en\/#website","url":"https:\/\/oogst-sieraden.nl\/en\/","name":"Oogst Goudsmeden Amsterdam","description":"Collectie handgemaakte sieraden uit eigen atelier.","publisher":{"@id":"https:\/\/oogst-sieraden.nl\/en\/#organization"},"potentialAction":[{"@type":"SearchAction","target":{"@type":"EntryPoint","urlTemplate":"https:\/\/oogst-sieraden.nl\/en\/?s={search_term_string}"},"query-input":{"@type":"PropertyValueSpecification","valueRequired":true,"valueName":"search_term_string"}}],"inLanguage":"en-US"},{"@type":"Organization","@id":"https:\/\/oogst-sieraden.nl\/en\/#organization","name":"Oogst Goudsmeden Amsterdam","url":"https:\/\/oogst-sieraden.nl\/en\/","logo":{"@type":"ImageObject","inLanguage":"en-US","@id":"https:\/\/oogst-sieraden.nl\/en\/#\/schema\/logo\/image\/","url":"https:\/\/oogst-sieraden.nl\/wp-content\/uploads\/2021\/03\/Social-Sticker.png","contentUrl":"https:\/\/oogst-sieraden.nl\/wp-content\/uploads\/2021\/03\/Social-Sticker.png","width":591,"height":591,"caption":"Oogst Goudsmeden Amsterdam"},"image":{"@id":"https:\/\/oogst-sieraden.nl\/en\/#\/schema\/logo\/image\/"},"sameAs":["https:\/\/www.facebook.com\/Oogst\/","https:\/\/www.instagram.com\/oogstgoudsmeden\/","https:\/\/www.linkedin.com\/company\/oogst-sieraden","https:\/\/nl.pinterest.com\/Oogst\/","https:\/\/www.youtube.com\/channel\/UCaWsKn9Jn3UKCtL2o1CE4rg"]}]}},"_links":{"self":[{"href":"https:\/\/oogst-sieraden.nl\/en\/wp-json\/wp\/v2\/product\/22077","targetHints":{"allow":["GET"]}}],"collection":[{"href":"https:\/\/oogst-sieraden.nl\/en\/wp-json\/wp\/v2\/product"}],"about":[{"href":"https:\/\/oogst-sieraden.nl\/en\/wp-json\/wp\/v2\/types\/product"}],"wp:featuredmedia":[{"embeddable":true,"href":"https:\/\/oogst-sieraden.nl\/en\/wp-json\/wp\/v2\/media\/19074"}],"wp:attachment":[{"href":"https:\/\/oogst-sieraden.nl\/en\/wp-json\/wp\/v2\/media?parent=22077"}],"wp:term":[{"taxonomy":"product_brand","embeddable":true,"href":"https:\/\/oogst-sieraden.nl\/en\/wp-json\/wp\/v2\/product_brand?post=22077"},{"taxonomy":"product_cat","embeddable":true,"href":"https:\/\/oogst-sieraden.nl\/en\/wp-json\/wp\/v2\/product_cat?post=22077"},{"taxonomy":"product_tag","embeddable":true,"href":"https:\/\/oogst-sieraden.nl\/en\/wp-json\/wp\/v2\/product_tag?post=22077"}],"curies":[{"name":"wp","href":"https:\/\/api.w.org\/{rel}","templated":true}]}}